{"id":570,"date":"2023-09-06T14:16:55","date_gmt":"2023-09-06T13:16:55","guid":{"rendered":"https:\/\/thirdsectorsupport.wales\/?page_id=570"},"modified":"2023-09-21T14:53:59","modified_gmt":"2023-09-21T13:53:59","slug":"cwcis","status":"publish","type":"page","link":"https:\/\/thirdsectorsupport.wales\/cy\/cwcis\/","title":{"rendered":"Polisi Cwcis"},"content":{"rendered":"\n<h3 class=\"wp-block-heading\">Yngl\u0177n \u00e2\u2019r polisi cwcis hwn<\/h3>\n\n\n\n<p>Mae\u2019r Polisi Cwcis hwn yn egluro beth yw cwcis a sut rydym yn eu defnyddio, y mathau o gwcis rydym yn eu defnyddio, e.e. yr wybodaeth rydym yn ei chasglu drwy ddefnyddio cwcis a sut y defnyddir yr wybodaeth honno, a sut i reoli dewisiadau cwcis. Am ragor o fanylion ar sut rydym yn defnyddio, storio ac yn cadw eich data personol yn ddiogel, gweler ein Polisi Preifatrwydd.<br>Gallwch newid eich caniat\u00e2d neu ei dynnu yn \u00f4l ar unrhyw adeg o\u2019r Datganiad Cwcis ar ein gwefan.<br>Dysgwch fwy am bwy ydym, sut y gallwch gysylltu \u00e2 ni a sut rydym yn prosesu data personol yn ein Polisi Preifatrwydd.<br>Mae eich caniat\u00e2d yn berthnasol i\u2019r parthau canlynol: thirdsectorsupport.wales<\/p>\n\n\n\n<p>Eich cyflwr presennol: Caniat\u00e2d wedi ei dderbyn.&nbsp;<a>Rheoli eich caniat\u00e2d.<\/a><\/p>\n\n\n\n<h3 class=\"wp-block-heading\">Beth yw cwcis?<\/h3>\n\n\n\n<p>Ffeiliau testun bach yw cwcis a ddefnyddir i storio darnau bach o wybodaeth. C\u00e2nt eu storio ar eich dyfais pan gaiff y wefan ei llwytho ar eich porwr. Mae\u2019r cwcis hyn yn ein helpu ni i sicrhau bod y wefan yn gweithio\u2019n iawn, ei bod yn fwy diogel a\u2019i bod yn rhoi profiad gwell i\u2019r defnyddiwr. Mae hefyd yn ein helpu i ddeall sut mae\u2019r wefan yn perfformio a dadansoddi\u2019r hyn sy\u2019n gweithio a\u2019r hyn sydd angen ei wella.<\/p>\n\n\n\n<h3 class=\"wp-block-heading\">Sut rydym yn defnyddio cwcis?<\/h3>\n\n\n\n<p>Fel y rhan fwyaf o wasanaethau ar-lein, mae ein gwefan yn defnyddio cwcis parti cyntaf a thrydydd parti at nifer o ddibenion. Mae angen y cwcis parti cyntaf yn bennaf er mwyn i\u2019r wefan weithio\u2019r ffordd gywir, ac nid ydynt yn casglu unrhyw ddata y gellir ei ddefnyddio i\u2019ch adnabod yn bersonol.<\/p>\n\n\n\n<p>Prif ddibenion y cwcis trydydd parti a ddefnyddir ar ein gwefan yw deall sut mae\u2019r wefan yn perfformio, sut rydych yn rhyngweithio \u00e2\u2019n gwefan, cadw ein gwasanaethau yn ddiogel, darparu hysbysebion sy\u2019n berthnasol i chi, ac yn gyffredinol, rhoi profiad defnyddiwr gwell i chi a\u2019ch helpu i gyflymu eich rhyngweithiadau \u00e2\u2019n gwefan yn y dyfodol.<\/p>\n\n\n\n<h3 class=\"wp-block-heading\">Pa fathau o gwcis ydym yn eu defnyddio?<\/h3>\n\n\n\n<p>Hanfodol: Mae rhai cwcis yn hanfodol i\u2019ch galluogi i brofi swyddogaethau llawn ein safle. Maen nhw\u2019n caniat\u00e1u i ni gynnal sesiynau defnyddwyr ac atal unrhyw fygythiadau diogelwch. Nid ydynt yn casglu nac yn storio unrhyw wybodaeth bersonol. Er enghraifft, mae\u2019r cwcis hyn yn caniat\u00e1u i chi fewngofnodi i\u2019ch cyfrif ac ychwanegu cynnyrch i\u2019ch basged, a thalu amdanynt yn ddiogel.<br>Ystadegau: Mae\u2019r cwcis hyn yn storio gwybodaeth fel nifer yr ymwelwyr i\u2019r wefan, nifer yr ymwelwyr unigryw, pa dudalennau o\u2019r wefan y mae pobl wedi ymweld \u00e2 nhw, ffynhonnell yr ymweliad ac ati. Mae data o\u2019r fath yn ein helpu ni i ddeall a dadansoddi pa mor dda mae\u2019r wefan yn perfformio a ble y mae angen ei gwella.<\/p>\n\n\n\n<p>Marchnata: Mae ein gwefan yn arddangos hysbysebion. Defnyddir y cwcis hyn i bersonoli\u2019r hysbysebion rydym yn eu dangos i chi fel eu bod yn ystyrlon i chi. Mae\u2019r cwcis hyn yn ein helpu hefyd i gadw golwg ar effeithlonrwydd yr ymgyrchoedd hysbysebu hyn.<br>Gall yr wybodaeth sy\u2019n cael ei storio yn y cwcis hyn gael ei defnyddio hefyd gan ddarparwyr hysbysebion y trydydd parti i ddangos hysbysebion i chi ar wefannau eraill ar y porwr hefyd.<\/p>\n\n\n\n<p>Swyddogaethol: Y rhain yw\u2019r cwcis sy\u2019n helpu swyddogaethau penodol ar ein gwefan nad ydynt yn hanfodol. Mae\u2019r swyddogaethau hyn yn cynnwys ymwreiddio cynnwys fel fideos neu rannu cynnwys y wefan ar blatfformau cyfryngau cymdeithasol.<\/p>\n\n\n\n<p>Dewisiadau: Mae\u2019r cwcis hyn yn ein helpu i storio eich gosodiadau a\u2019ch dewisiadau pori, fel dewisiadau iaith, er mwyn i chi gael profiad gwell ac effeithlon pan fyddwch chi\u2019n ymweld \u00e2\u2019r safle yn y dyfodol.<\/p>\n\n\n\n<p>Mae\u2019r rhestr isod yn nodi\u2019r cwcis a ddefnyddir ar ein gwefan.<\/p>\n\n\n\n<h3 class=\"wp-block-heading\">Sut gallaf reoli\u2019r dewisiadau cwci?<\/h3>\n\n\n\n<p>Os byddwch yn penderfynu newid eich dewisiadau yn ddiweddarach yn ystod eich sesiwn bori, gallwch chi glicio ar y tab \u201cPrivacy &amp; Cookie Policy\u201d (Polisi Preifatrwydd a Chwcis) ar eich sgrin. Bydd hwn yn dangos yr hysbysiad caniat\u00e2d eto, a fydd yn eich galluogi i newid eich dewisiadau neu dynnu eich caniat\u00e2d yn \u00f4l yn gyfan gwbl.<br>Ynghyd \u00e2 hyn, mae gan wahanol borwyr ddulliau gwahanol o rwystro a dileu cwcis a ddefnyddir gan wefannau. Gallwch newid gosodiadau eich porwr i rwystro\/dileu y cwcis. I gael rhagor o wybodaeth am sut i reoli a dileu cwcis, ewch i&nbsp;<a href=\"http:\/\/wikipedia.org\/\">wikipedia.org<\/a>,&nbsp;<a href=\"http:\/\/www.allaboutcookies.org\/\">www.allaboutcookies.org<\/a>&nbsp;(Saesneg yn unig).<\/p>\n\n\n\n<p>I optio allan o gael eich dilyn gan \u2018Google Analytics\u2019 ar draws pob gwefan, ewch i&nbsp;<a href=\"http:\/\/tools.google.com\/dlpage\/gaoptout\">http:\/\/tools.google.com\/dlpage\/gaoptout<\/a>&nbsp;(Saesneg yn unig)<\/p>\n","protected":false},"excerpt":{"rendered":"<p>Yngl\u0177n \u00e2\u2019r polisi cwcis hwn Mae\u2019r Polisi Cwcis hwn yn egluro beth yw cwcis a sut rydym yn eu defnyddio, y mathau o gwcis rydym yn eu defnyddio, e.e. yr wybodaeth rydym yn ei chasglu drwy ddefnyddio cwcis a sut y defnyddir yr wybodaeth honno, a sut i reoli dewisiadau cwcis. Am ragor o fanylion &hellip; <a href=\"https:\/\/thirdsectorsupport.wales\/cy\/cwcis\/\">Continued<\/a><\/p>\n","protected":false},"author":1,"featured_media":0,"parent":0,"menu_order":12,"comment_status":"closed","ping_status":"closed","template":"","meta":{"_acf_changed":false,"footnotes":""},"class_list":["post-570","page","type-page","status-publish","hentry"],"acf":[],"yoast_head":"<!-- This site is optimized with the Yoast SEO plugin v21.9.1 - https:\/\/yoast.com\/wordpress\/plugins\/seo\/ -->\n<title>Polisi Cwcis - Cefnogi Trydydd Sector Cymru<\/title>\n<meta name=\"robots\" content=\"index, follow, max-snippet:-1, max-image-preview:large, max-video-preview:-1\" \/>\n<link rel=\"canonical\" href=\"https:\/\/thirdsectorsupport.wales\/cy\/cwcis\/\" \/>\n<meta property=\"og:locale\" content=\"cy_GB\" \/>\n<meta property=\"og:type\" content=\"article\" \/>\n<meta property=\"og:title\" content=\"Polisi Cwcis - Cefnogi Trydydd Sector Cymru\" \/>\n<meta property=\"og:description\" content=\"Yngl\u0177n \u00e2\u2019r polisi cwcis hwn Mae\u2019r Polisi Cwcis hwn yn egluro beth yw cwcis a sut rydym yn eu defnyddio, y mathau o gwcis rydym yn eu defnyddio, e.e. yr wybodaeth rydym yn ei chasglu drwy ddefnyddio cwcis a sut y defnyddir yr wybodaeth honno, a sut i reoli dewisiadau cwcis. Am ragor o fanylion &hellip; Continued\" \/>\n<meta property=\"og:url\" content=\"https:\/\/thirdsectorsupport.wales\/cy\/cwcis\/\" \/>\n<meta property=\"og:site_name\" content=\"Cefnogi Trydydd Sector Cymru\" \/>\n<meta property=\"article:modified_time\" content=\"2023-09-21T13:53:59+00:00\" \/>\n<meta name=\"twitter:card\" content=\"summary_large_image\" \/>\n<meta name=\"twitter:label1\" content=\"Est. reading time\" \/>\n\t<meta name=\"twitter:data1\" content=\"4 minutes\" \/>\n<script type=\"application\/ld+json\" class=\"yoast-schema-graph\">{\"@context\":\"https:\/\/schema.org\",\"@graph\":[{\"@type\":\"WebPage\",\"@id\":\"https:\/\/thirdsectorsupport.wales\/cy\/cwcis\/\",\"url\":\"https:\/\/thirdsectorsupport.wales\/cy\/cwcis\/\",\"name\":\"Polisi Cwcis - Cefnogi Trydydd Sector Cymru\",\"isPartOf\":{\"@id\":\"https:\/\/thirdsectorsupport.wales\/cy\/#website\"},\"datePublished\":\"2023-09-06T13:16:55+00:00\",\"dateModified\":\"2023-09-21T13:53:59+00:00\",\"breadcrumb\":{\"@id\":\"https:\/\/thirdsectorsupport.wales\/cy\/cwcis\/#breadcrumb\"},\"inLanguage\":\"cy-GB\",\"potentialAction\":[{\"@type\":\"ReadAction\",\"target\":[\"https:\/\/thirdsectorsupport.wales\/cy\/cwcis\/\"]}]},{\"@type\":\"BreadcrumbList\",\"@id\":\"https:\/\/thirdsectorsupport.wales\/cy\/cwcis\/#breadcrumb\",\"itemListElement\":[{\"@type\":\"ListItem\",\"position\":1,\"name\":\"Home\",\"item\":\"https:\/\/thirdsectorsupport.wales\/cy\/\"},{\"@type\":\"ListItem\",\"position\":2,\"name\":\"Polisi Cwcis\"}]},{\"@type\":\"WebSite\",\"@id\":\"https:\/\/thirdsectorsupport.wales\/cy\/#website\",\"url\":\"https:\/\/thirdsectorsupport.wales\/cy\/\",\"name\":\"Cefnogi Trydydd Sector Cymru\",\"description\":\"\",\"potentialAction\":[{\"@type\":\"SearchAction\",\"target\":{\"@type\":\"EntryPoint\",\"urlTemplate\":\"https:\/\/thirdsectorsupport.wales\/cy\/?s={search_term_string}\"},\"query-input\":\"required name=search_term_string\"}],\"inLanguage\":\"cy-GB\"}]}<\/script>\n<!-- \/ Yoast SEO plugin. -->","yoast_head_json":{"title":"Polisi Cwcis - Cefnogi Trydydd Sector Cymru","robots":{"index":"index","follow":"follow","max-snippet":"max-snippet:-1","max-image-preview":"max-image-preview:large","max-video-preview":"max-video-preview:-1"},"canonical":"https:\/\/thirdsectorsupport.wales\/cy\/cwcis\/","og_locale":"cy_GB","og_type":"article","og_title":"Polisi Cwcis - Cefnogi Trydydd Sector Cymru","og_description":"Yngl\u0177n \u00e2\u2019r polisi cwcis hwn Mae\u2019r Polisi Cwcis hwn yn egluro beth yw cwcis a sut rydym yn eu defnyddio, y mathau o gwcis rydym yn eu defnyddio, e.e. yr wybodaeth rydym yn ei chasglu drwy ddefnyddio cwcis a sut y defnyddir yr wybodaeth honno, a sut i reoli dewisiadau cwcis. Am ragor o fanylion &hellip; Continued","og_url":"https:\/\/thirdsectorsupport.wales\/cy\/cwcis\/","og_site_name":"Cefnogi Trydydd Sector Cymru","article_modified_time":"2023-09-21T13:53:59+00:00","twitter_card":"summary_large_image","twitter_misc":{"Est. reading time":"4 minutes"},"schema":{"@context":"https:\/\/schema.org","@graph":[{"@type":"WebPage","@id":"https:\/\/thirdsectorsupport.wales\/cy\/cwcis\/","url":"https:\/\/thirdsectorsupport.wales\/cy\/cwcis\/","name":"Polisi Cwcis - Cefnogi Trydydd Sector Cymru","isPartOf":{"@id":"https:\/\/thirdsectorsupport.wales\/cy\/#website"},"datePublished":"2023-09-06T13:16:55+00:00","dateModified":"2023-09-21T13:53:59+00:00","breadcrumb":{"@id":"https:\/\/thirdsectorsupport.wales\/cy\/cwcis\/#breadcrumb"},"inLanguage":"cy-GB","potentialAction":[{"@type":"ReadAction","target":["https:\/\/thirdsectorsupport.wales\/cy\/cwcis\/"]}]},{"@type":"BreadcrumbList","@id":"https:\/\/thirdsectorsupport.wales\/cy\/cwcis\/#breadcrumb","itemListElement":[{"@type":"ListItem","position":1,"name":"Home","item":"https:\/\/thirdsectorsupport.wales\/cy\/"},{"@type":"ListItem","position":2,"name":"Polisi Cwcis"}]},{"@type":"WebSite","@id":"https:\/\/thirdsectorsupport.wales\/cy\/#website","url":"https:\/\/thirdsectorsupport.wales\/cy\/","name":"Cefnogi Trydydd Sector Cymru","description":"","potentialAction":[{"@type":"SearchAction","target":{"@type":"EntryPoint","urlTemplate":"https:\/\/thirdsectorsupport.wales\/cy\/?s={search_term_string}"},"query-input":"required name=search_term_string"}],"inLanguage":"cy-GB"}]}},"_links":{"self":[{"href":"https:\/\/thirdsectorsupport.wales\/cy\/wp-json\/wp\/v2\/pages\/570","targetHints":{"allow":["GET"]}}],"collection":[{"href":"https:\/\/thirdsectorsupport.wales\/cy\/wp-json\/wp\/v2\/pages"}],"about":[{"href":"https:\/\/thirdsectorsupport.wales\/cy\/wp-json\/wp\/v2\/types\/page"}],"author":[{"embeddable":true,"href":"https:\/\/thirdsectorsupport.wales\/cy\/wp-json\/wp\/v2\/users\/1"}],"replies":[{"embeddable":true,"href":"https:\/\/thirdsectorsupport.wales\/cy\/wp-json\/wp\/v2\/comments?post=570"}],"version-history":[{"count":1,"href":"https:\/\/thirdsectorsupport.wales\/cy\/wp-json\/wp\/v2\/pages\/570\/revisions"}],"predecessor-version":[{"id":571,"href":"https:\/\/thirdsectorsupport.wales\/cy\/wp-json\/wp\/v2\/pages\/570\/revisions\/571"}],"wp:attachment":[{"href":"https:\/\/thirdsectorsupport.wales\/cy\/wp-json\/wp\/v2\/media?parent=570"}],"curies":[{"name":"wp","href":"https:\/\/api.w.org\/{rel}","templated":true}]}}